{"id":179,"date":"2018-04-01T10:21:02","date_gmt":"2018-04-01T10:21:02","guid":{"rendered":"http:\/\/www.bilgimakina.net\/?page_id=179"},"modified":"2025-03-03T12:11:46","modified_gmt":"2025-03-03T12:11:46","slug":"rtr-101-pad-printing-machine-for-round-surfaces","status":"publish","type":"page","link":"https:\/\/www.bilgimakina.net\/en\/rtr-101-pad-printing-machine-for-round-surfaces\/","title":{"rendered":"RTR 101 Pad Printing Machine for Round Surfaces"},"content":{"rendered":"<div class=\"row align-center\"  id=\"row-894271702\">\n\n\t<div id=\"col-1046314121\" class=\"col medium-7 small-12 large-7\"  >\n\t\t\t\t<div class=\"col-inner text-center\"  >\n\t\t\t\n\t\t\t\n<h3 style=\"text-align: center;\">RTR 101 Pad Printing Machine for Round Surfaces<\/h3>\n<div class=\"slider-wrapper relative\" id=\"slider-85684190\" >\n    <div class=\"slider slider-nav-dots-dashes slider-nav-simple slider-nav-large slider-nav-dark slider-style-normal slider-show-nav\"\n        data-flickity-options='{\n            \"cellAlign\": \"center\",\n            \"imagesLoaded\": true,\n            \"lazyLoad\": 1,\n            \"freeScroll\": false,\n            \"wrapAround\": true,\n            \"autoPlay\": 6000,\n            \"pauseAutoPlayOnHover\" : true,\n            \"prevNextButtons\": true,\n            \"contain\" : true,\n            \"adaptiveHeight\" : true,\n            \"dragThreshold\" : 10,\n            \"percentPosition\": true,\n            \"pageDots\": true,\n            \"rightToLeft\": false,\n            \"draggable\": true,\n            \"selectedAttraction\": 0.1,\n            \"parallax\" : 0,\n            \"friction\": 0.6        }'\n        >\n        \n\t<div class=\"img has-hover x md-x lg-x y md-y lg-y\" id=\"image_1376570752\">\n\t\t\t\t\t\t\t\t<div class=\"img-inner dark\" >\n\t\t\t<img loading=\"lazy\" decoding=\"async\" width=\"2560\" height=\"1707\" src=\"https:\/\/www.bilgimakina.net\/en\/wp-content\/uploads\/2022\/05\/RTR-101-scaled.jpg\" class=\"attachment-original size-original\" alt=\"\" srcset=\"https:\/\/www.bilgimakina.net\/en\/wp-content\/uploads\/2022\/05\/RTR-101-scaled.jpg 2560w, https:\/\/www.bilgimakina.net\/en\/wp-content\/uploads\/2022\/05\/RTR-101-300x200.jpg 300w, https:\/\/www.bilgimakina.net\/en\/wp-content\/uploads\/2022\/05\/RTR-101-1024x683.jpg 1024w, https:\/\/www.bilgimakina.net\/en\/wp-content\/uploads\/2022\/05\/RTR-101-768x512.jpg 768w, https:\/\/www.bilgimakina.net\/en\/wp-content\/uploads\/2022\/05\/RTR-101-1536x1024.jpg 1536w, https:\/\/www.bilgimakina.net\/en\/wp-content\/uploads\/2022\/05\/RTR-101-2048x1365.jpg 2048w, https:\/\/www.bilgimakina.net\/en\/wp-content\/uploads\/2022\/05\/RTR-101-510x340.jpg 510w\" sizes=\"auto, (max-width: 2560px) 100vw, 2560px\" \/>\t\t\t\t\t\t\n\t\t\t\t\t<\/div>\n\t\t\t\t\t\t\t\t\n<style>\n#image_1376570752 {\n  width: 50%;\n}\n<\/style>\n\t<\/div>\n\t\n\t<div class=\"img has-hover x md-x lg-x y md-y lg-y\" id=\"image_683571038\">\n\t\t\t\t\t\t\t\t<div class=\"img-inner image-cover dark\" style=\"padding-top:56.25%;\">\n\t\t\t<img loading=\"lazy\" decoding=\"async\" width=\"980\" height=\"735\" src=\"https:\/\/www.bilgimakina.net\/en\/wp-content\/uploads\/2022\/05\/RTR-101-1.jpg\" class=\"attachment-original size-original\" alt=\"\" srcset=\"https:\/\/www.bilgimakina.net\/en\/wp-content\/uploads\/2022\/05\/RTR-101-1.jpg 980w, https:\/\/www.bilgimakina.net\/en\/wp-content\/uploads\/2022\/05\/RTR-101-1-300x225.jpg 300w, https:\/\/www.bilgimakina.net\/en\/wp-content\/uploads\/2022\/05\/RTR-101-1-768x576.jpg 768w, https:\/\/www.bilgimakina.net\/en\/wp-content\/uploads\/2022\/05\/RTR-101-1-510x383.jpg 510w\" sizes=\"auto, (max-width: 980px) 100vw, 980px\" \/>\t\t\t\t\t\t\n\t\t\t\t\t<\/div>\n\t\t\t\t\t\t\t\t\n<style>\n#image_683571038 {\n  width: 50%;\n}\n<\/style>\n\t<\/div>\n\t\n     <\/div>\n\n     <div class=\"loading-spin dark large centered\"><\/div>\n\n\t<\/div>\n\n\n\t<div id=\"gap-1507463049\" class=\"gap-element clearfix\" style=\"display:block; height:auto;\">\n\t\t\n<style>\n#gap-1507463049 {\n  padding-top: 30px;\n}\n<\/style>\n\t<\/div>\n\t\n\n\t\t<div class=\"tabbed-content\">\n\t\t\t\n\t\t\t<ul class=\"nav nav-tabs nav-uppercase nav-size-normal nav-left\" role=\"tablist\"><li id=\"tab-description\" class=\"tab active has-icon\" role=\"presentation\"><a href=\"#tab_description\" role=\"tab\" aria-selected=\"true\" aria-controls=\"tab_description\"><span>Description<\/span><\/a><\/li>\n<li id=\"tab-specifications\" class=\"tab has-icon\" role=\"presentation\"><a href=\"#tab_specifications\" tabindex=\"-1\" role=\"tab\" aria-selected=\"false\" aria-controls=\"tab_specifications\"><span>Specifications<\/span><\/a><\/li>\n<li id=\"tab-broshure\" class=\"tab has-icon\" role=\"presentation\"><a href=\"#tab_broshure\" tabindex=\"-1\" role=\"tab\" aria-selected=\"false\" aria-controls=\"tab_broshure\"><span>broshure<\/span><\/a><\/li>\n<li id=\"tab-video\" class=\"tab has-icon\" role=\"presentation\"><a href=\"#tab_video\" tabindex=\"-1\" role=\"tab\" aria-selected=\"false\" aria-controls=\"tab_video\"><span>Video<\/span><\/a><\/li><\/ul><div class=\"tab-panels\"><div id=\"tab_description\" class=\"panel active entry-content\" role=\"tabpanel\" aria-labelledby=\"tab-description\">\n<ul>\n<li style=\"text-align: left;\">Rotary printing for round surfaces between 10 &#8211; 40 mm diameters<\/li>\n<li style=\"text-align: left;\">Single color printing with PLC operator panel<\/li>\n<li style=\"text-align: left;\">Special automation applications<\/li>\n<li style=\"text-align: left;\">Closed chamber option for small diameter applications<\/li>\n<li style=\"text-align: left;\">Optional machine stand<\/li>\n<\/ul>\n<\/div>\n<div id=\"tab_specifications\" class=\"panel entry-content\" role=\"tabpanel\" aria-labelledby=\"tab-specifications\">\n<div class=\"row\"  id=\"row-1087579873\">\n\n\t<div id=\"col-1259849831\" class=\"col small-12 large-12\"  >\n\t\t\t\t<div class=\"col-inner\"  >\n\t\t\t\n\t\t\t\n<table style=\"height: 294px; width: 176.076%;\" width=\"906\">\n<tbody>\n<tr style=\"height: 21px;\">\n<td style=\"background-color: #fe130d; height: 21px; width: 323.016px;\"><span style=\"color: #ffffff;\"><strong>TCC101 TECHNICAL SPECIFICATIONS<\/strong><\/span><\/td>\n<td style=\"background-color: #fe130d; height: 21px; width: 566.984px;\"><span style=\"color: #ffffff;\">TCC101<\/span><\/td>\n<\/tr>\n<tr style=\"height: 21px;\">\n<td style=\"background-color: #dbddd3; height: 63px; width: 323.016px;\" rowspan=\"3\"><strong>CLASS SIZE<\/strong><\/td>\n<td style=\"height: 21px; width: 566.984px;\">100 mm x 150 mm<\/td>\n<\/tr>\n<tr style=\"height: 21px;\">\n<td style=\"height: 21px; width: 566.984px;\">100 mm x 200 mm<\/td>\n<\/tr>\n<tr style=\"height: 21px;\">\n<td style=\"height: 21px; width: 566.984px;\">150 mm x 150 mm<\/td>\n<\/tr>\n<tr style=\"height: 21px;\">\n<td style=\"background-color: #dbddd3; height: 21px; width: 323.016px;\"><strong>STROK<\/strong><\/td>\n<td style=\"height: 21px; width: 566.984px;\">80-100 mm<\/td>\n<\/tr>\n<tr style=\"height: 21px;\">\n<td style=\"background-color: #dbddd3; height: 21px; width: 323.016px;\"><strong>PRESSURE FORCE<\/strong><\/td>\n<td style=\"height: 21px; width: 566.984px;\">750-1180 N<\/td>\n<\/tr>\n<tr style=\"height: 21px;\">\n<td style=\"background-color: #dbddd3; height: 21px; width: 323.016px;\"><strong>CONTROL<\/strong><\/td>\n<td style=\"height: 21px; width: 566.984px;\">Pn\u00f6matik PLC<\/td>\n<\/tr>\n<tr style=\"height: 21px;\">\n<td style=\"background-color: #dbddd3; height: 21px; width: 323.016px;\"><strong>VOLTAGE<\/strong><\/td>\n<td style=\"height: 21px; width: 566.984px;\">220 V, 50 Hz<\/td>\n<\/tr>\n<tr style=\"height: 21px;\">\n<td style=\"background-color: #dbddd3; height: 21px; width: 323.016px;\"><strong>CONTROL VOLTAGE<\/strong><\/td>\n<td style=\"height: 21px; width: 566.984px;\">24 VDC<\/td>\n<\/tr>\n<tr style=\"height: 21px;\">\n<td style=\"background-color: #dbddd3; height: 21px; width: 323.016px;\"><strong>POWER<\/strong><\/td>\n<td style=\"height: 21px; width: 566.984px;\">60 W<\/td>\n<\/tr>\n<tr style=\"height: 21px;\">\n<td style=\"background-color: #dbddd3; height: 21px; width: 323.016px;\"><strong>PRESSURE<\/strong><\/td>\n<td style=\"height: 21px; width: 566.984px;\">6 Bar<\/td>\n<\/tr>\n<tr style=\"height: 21px;\">\n<td style=\"background-color: #dbddd3; height: 21px; width: 323.016px;\"><strong>AIR CONSUMPTION<\/strong><\/td>\n<td style=\"height: 21px; width: 566.984px;\">70 lt\/min<\/td>\n<\/tr>\n<tr style=\"height: 21px;\">\n<td style=\"background-color: #dbddd3; height: 21px; width: 323.016px;\"><strong>SIZE (W X H X D)<\/strong><\/td>\n<td style=\"height: 21px; width: 566.984px;\">350 mm x 850 mm x 800 mm<\/td>\n<\/tr>\n<tr style=\"height: 21px;\">\n<td style=\"background-color: #dbddd3; height: 21px; width: 323.016px;\"><strong>WEIGHT<\/strong><\/td>\n<td style=\"height: 21px; width: 566.984px;\">110 kg<\/td>\n<\/tr>\n<\/tbody>\n<\/table>\n\t\t<\/div>\n\t\t\t\t\n<style>\n#col-1259849831 > .col-inner {\n  padding: 0px 0px 0px 0px;\n}\n<\/style>\n\t<\/div>\n\n\t\n<\/div>\n<\/div>\n<div id=\"tab_broshure\" class=\"panel entry-content\" role=\"tabpanel\" aria-labelledby=\"tab-broshure\">\n\t<div class=\"img has-hover x md-x lg-x y md-y lg-y\" id=\"image_803072336\">\n\t\t<a class=\"\" href=\"https:\/\/www.bilgimakina.net\/wp-content\/uploads\/2022\/06\/rtr.pdf\" target=\"_blank\" rel=\"noopener\" >\t\t\t\t\t\t<div class=\"img-inner dark\" >\n\t\t\t<img loading=\"lazy\" decoding=\"async\" width=\"595\" height=\"842\" src=\"https:\/\/www.bilgimakina.net\/en\/wp-content\/uploads\/2022\/06\/rtr.jpg\" class=\"attachment-original size-original\" alt=\"\" srcset=\"https:\/\/www.bilgimakina.net\/en\/wp-content\/uploads\/2022\/06\/rtr.jpg 595w, https:\/\/www.bilgimakina.net\/en\/wp-content\/uploads\/2022\/06\/rtr-212x300.jpg 212w, https:\/\/www.bilgimakina.net\/en\/wp-content\/uploads\/2022\/06\/rtr-510x722.jpg 510w\" sizes=\"auto, (max-width: 595px) 100vw, 595px\" \/>\t\t\t\t\t\t\n\t\t\t\t\t<\/div>\n\t\t\t\t\t\t<\/a>\t\t\n<style>\n#image_803072336 {\n  width: 60%;\n}\n<\/style>\n\t<\/div>\n\t\n<\/div>\n<div id=\"tab_video\" class=\"panel entry-content\" role=\"tabpanel\" aria-labelledby=\"tab-video\">\n<div class=\"video video-fit mb\" style=\"padding-top:56.25%;\"><p><iframe loading=\"lazy\" title=\"Yuvarlak Y\u00fczeyler \u0130\u00e7in D\u00f6ner Bask\u0131 \u00d6zelli\u011fi - Bilgi Makina\" width=\"1020\" height=\"574\" src=\"https:\/\/www.youtube.com\/embed\/ynKk1KR1oFw?list=PLGoqRI_QmOExwE5NOuwRIBl1hue58-Een\" frameborder=\"0\" allow=\"accelerometer; autoplay; clipboard-write; encrypted-media; gyroscope; picture-in-picture\" allowfullscreen><\/iframe><\/p>\n<\/div>\n<\/div><\/div><\/div>\n\t\t<\/div>\n\t\t\t\t\t<\/div>\n\n\t\n<\/div>\n","protected":false},"excerpt":{"rendered":"","protected":false},"author":1,"featured_media":0,"parent":0,"menu_order":0,"comment_status":"closed","ping_status":"closed","template":"","meta":{"footnotes":""},"class_list":["post-179","page","type-page","status-publish","hentry"],"aioseo_notices":[],"_links":{"self":[{"href":"https:\/\/www.bilgimakina.net\/en\/wp-json\/wp\/v2\/pages\/179","targetHints":{"allow":["GET"]}}],"collection":[{"href":"https:\/\/www.bilgimakina.net\/en\/wp-json\/wp\/v2\/pages"}],"about":[{"href":"https:\/\/www.bilgimakina.net\/en\/wp-json\/wp\/v2\/types\/page"}],"author":[{"embeddable":true,"href":"https:\/\/www.bilgimakina.net\/en\/wp-json\/wp\/v2\/users\/1"}],"replies":[{"embeddable":true,"href":"https:\/\/www.bilgimakina.net\/en\/wp-json\/wp\/v2\/comments?post=179"}],"version-history":[{"count":1,"href":"https:\/\/www.bilgimakina.net\/en\/wp-json\/wp\/v2\/pages\/179\/revisions"}],"predecessor-version":[{"id":21953,"href":"https:\/\/www.bilgimakina.net\/en\/wp-json\/wp\/v2\/pages\/179\/revisions\/21953"}],"wp:attachment":[{"href":"https:\/\/www.bilgimakina.net\/en\/wp-json\/wp\/v2\/media?parent=179"}],"curies":[{"name":"wp","href":"https:\/\/api.w.org\/{rel}","templated":true}]}}