{"id":204,"date":"2018-04-05T06:23:50","date_gmt":"2018-04-05T06:23:50","guid":{"rendered":"http:\/\/www.bilgimakina.net\/?page_id=204"},"modified":"2025-03-03T13:30:28","modified_gmt":"2025-03-03T13:30:28","slug":"%d9%85%d8%a7%d9%83%d9%8a%d9%86%d8%a9-%d8%a7%d9%84%d8%b7%d8%a8%d8%a7%d8%b9%d8%a9-%d8%a8%d8%a7%d9%84%d8%aa%d9%85%d8%a8%d9%88%d9%86-%d8%a3%d8%ad%d8%a7%d8%af%d9%8a%d8%a9-%d8%a7%d9%84%d9%84%d9%88%d9%86","status":"publish","type":"page","link":"https:\/\/www.bilgimakina.net\/ar\/%d9%85%d8%a7%d9%83%d9%8a%d9%86%d8%a9-%d8%a7%d9%84%d8%b7%d8%a8%d8%a7%d8%b9%d8%a9-%d8%a8%d8%a7%d9%84%d8%aa%d9%85%d8%a8%d9%88%d9%86-%d8%a3%d8%ad%d8%a7%d8%af%d9%8a%d8%a9-%d8%a7%d9%84%d9%84%d9%88%d9%86\/","title":{"rendered":"\u0645\u0627\u0643\u064a\u0646\u0629 \u0627\u0644\u0637\u0628\u0627\u0639\u0629 \u0628\u0627\u0644\u062a\u0645\u0628\u0648\u0646 \u0623\u062d\u0627\u062f\u064a\u0629 \u0627\u0644\u0644\u0648\u0646 \u0630\u0627\u062a \u0627\u0644\u062d\u0627\u0648\u064a\u0629 \u0627\u0644\u0645\u063a\u0644\u0642\u0629 TCCS 101"},"content":{"rendered":"<div class=\"row align-center\"  id=\"row-1564023058\">\n\n\t<div id=\"col-2041941976\" class=\"col medium-7 small-12 large-7\"  >\n\t\t\t\t<div class=\"col-inner text-center\"  >\n\t\t\t\n\t\t\t\n<h3 style=\"text-align: center;\">\u0645\u0627\u0643\u064a\u0646\u0629 \u0627\u0644\u0637\u0628\u0627\u0639\u0629 \u0628\u0627\u0644\u062a\u0645\u0628\u0648\u0646 \u0623\u062d\u0627\u062f\u064a\u0629 \u0627\u0644\u0644\u0648\u0646 \u0630\u0627\u062a \u0627\u0644\u062d\u0627\u0648\u064a\u0629 \u0627\u0644\u0645\u063a\u0644\u0642\u0629 TCCS 101<\/h3>\n<div class=\"slider-wrapper relative\" id=\"slider-1009555306\" >\n    <div class=\"slider slider-nav-dots-dashes slider-nav-simple slider-nav-large slider-nav-dark slider-style-normal slider-show-nav\"\n        data-flickity-options='{\n            \"cellAlign\": \"center\",\n            \"imagesLoaded\": true,\n            \"lazyLoad\": 1,\n            \"freeScroll\": false,\n            \"wrapAround\": true,\n            \"autoPlay\": 6000,\n            \"pauseAutoPlayOnHover\" : true,\n            \"prevNextButtons\": true,\n            \"contain\" : true,\n            \"adaptiveHeight\" : true,\n            \"dragThreshold\" : 10,\n            \"percentPosition\": true,\n            \"pageDots\": true,\n            \"rightToLeft\": false,\n            \"draggable\": true,\n            \"selectedAttraction\": 0.1,\n            \"parallax\" : 0,\n            \"friction\": 0.6        }'\n        >\n        \n\t<div class=\"img has-hover x md-x lg-x y md-y lg-y\" id=\"image_620264443\">\n\t\t\t\t\t\t\t\t<div class=\"img-inner dark\" >\n\t\t\t<img loading=\"lazy\" decoding=\"async\" width=\"2560\" height=\"1707\" src=\"https:\/\/www.bilgimakina.net\/ar\/wp-content\/uploads\/2022\/05\/TCCS-101-2-scaled.jpg\" class=\"attachment-original size-original\" alt=\"\" srcset=\"https:\/\/www.bilgimakina.net\/ar\/wp-content\/uploads\/2022\/05\/TCCS-101-2-scaled.jpg 2560w, https:\/\/www.bilgimakina.net\/ar\/wp-content\/uploads\/2022\/05\/TCCS-101-2-300x200.jpg 300w, https:\/\/www.bilgimakina.net\/ar\/wp-content\/uploads\/2022\/05\/TCCS-101-2-1024x683.jpg 1024w, https:\/\/www.bilgimakina.net\/ar\/wp-content\/uploads\/2022\/05\/TCCS-101-2-768x512.jpg 768w, https:\/\/www.bilgimakina.net\/ar\/wp-content\/uploads\/2022\/05\/TCCS-101-2-1536x1024.jpg 1536w, https:\/\/www.bilgimakina.net\/ar\/wp-content\/uploads\/2022\/05\/TCCS-101-2-2048x1365.jpg 2048w, https:\/\/www.bilgimakina.net\/ar\/wp-content\/uploads\/2022\/05\/TCCS-101-2-510x340.jpg 510w\" sizes=\"(max-width: 2560px) 100vw, 2560px\" \/>\t\t\t\t\t\t\n\t\t\t\t\t<\/div>\n\t\t\t\t\t\t\t\t\n<style>\n#image_620264443 {\n  width: 50%;\n}\n<\/style>\n\t<\/div>\n\t\n\t<div class=\"img has-hover x md-x lg-x y md-y lg-y\" id=\"image_4409116\">\n\t\t\t\t\t\t\t\t<div class=\"img-inner image-cover dark\" style=\"padding-top:56.25%;\">\n\t\t\t<img loading=\"lazy\" decoding=\"async\" width=\"2560\" height=\"1707\" src=\"https:\/\/www.bilgimakina.net\/ar\/wp-content\/uploads\/2022\/05\/TCCS-101-scaled.jpg\" class=\"attachment-original size-original\" alt=\"\" srcset=\"https:\/\/www.bilgimakina.net\/ar\/wp-content\/uploads\/2022\/05\/TCCS-101-scaled.jpg 2560w, https:\/\/www.bilgimakina.net\/ar\/wp-content\/uploads\/2022\/05\/TCCS-101-300x200.jpg 300w, https:\/\/www.bilgimakina.net\/ar\/wp-content\/uploads\/2022\/05\/TCCS-101-1024x683.jpg 1024w, https:\/\/www.bilgimakina.net\/ar\/wp-content\/uploads\/2022\/05\/TCCS-101-768x512.jpg 768w, https:\/\/www.bilgimakina.net\/ar\/wp-content\/uploads\/2022\/05\/TCCS-101-1536x1024.jpg 1536w, https:\/\/www.bilgimakina.net\/ar\/wp-content\/uploads\/2022\/05\/TCCS-101-2048x1365.jpg 2048w, https:\/\/www.bilgimakina.net\/ar\/wp-content\/uploads\/2022\/05\/TCCS-101-510x340.jpg 510w\" sizes=\"(max-width: 2560px) 100vw, 2560px\" \/>\t\t\t\t\t\t\n\t\t\t\t\t<\/div>\n\t\t\t\t\t\t\t\t\n<style>\n#image_4409116 {\n  width: 50%;\n}\n<\/style>\n\t<\/div>\n\t\n     <\/div>\n\n     <div class=\"loading-spin dark large centered\"><\/div>\n\n\t<\/div>\n\n\n\t<div id=\"gap-396090344\" class=\"gap-element clearfix\" style=\"display:block; height:auto;\">\n\t\t\n<style>\n#gap-396090344 {\n  padding-top: 30px;\n}\n<\/style>\n\t<\/div>\n\t\n\n\t\t<div class=\"tabbed-content\">\n\t\t\t\n\t\t\t<ul class=\"nav nav-tabs nav-uppercase nav-size-normal nav-left\" role=\"tablist\"><li id=\"tab-\u062a\u0648\u0636\u064a\u062d\" class=\"tab active has-icon\" role=\"presentation\"><a href=\"#tab_\u062a\u0648\u0636\u064a\u062d\" role=\"tab\" aria-selected=\"true\" aria-controls=\"tab_\u062a\u0648\u0636\u064a\u062d\"><span>\u062a\u0648\u0636\u064a\u062d<\/span><\/a><\/li>\n<li id=\"tab-\u0627\u0644\u0645\u064a\u0632\u0627\u062a\" class=\"tab has-icon\" role=\"presentation\"><a href=\"#tab_\u0627\u0644\u0645\u064a\u0632\u0627\u062a\" tabindex=\"-1\" role=\"tab\" aria-selected=\"false\" aria-controls=\"tab_\u0627\u0644\u0645\u064a\u0632\u0627\u062a\"><span>\u0627\u0644\u0645\u064a\u0632\u0627\u062a<\/span><\/a><\/li>\n<li id=\"tab-\u0627\u0644\u0643\u062a\u064a\u0628\" class=\"tab has-icon\" role=\"presentation\"><a href=\"#tab_\u0627\u0644\u0643\u062a\u064a\u0628\" tabindex=\"-1\" role=\"tab\" aria-selected=\"false\" aria-controls=\"tab_\u0627\u0644\u0643\u062a\u064a\u0628\"><span>\u0627\u0644\u0643\u062a\u064a\u0628<\/span><\/a><\/li>\n<li id=\"tab-\u0641\u064a\u062f\u064a\u0648\" class=\"tab has-icon\" role=\"presentation\"><a href=\"#tab_\u0641\u064a\u062f\u064a\u0648\" tabindex=\"-1\" role=\"tab\" aria-selected=\"false\" aria-controls=\"tab_\u0641\u064a\u062f\u064a\u0648\"><span>\u0641\u064a\u062f\u064a\u0648<\/span><\/a><\/li><\/ul><div class=\"tab-panels\"><div id=\"tab_\u062a\u0648\u0636\u064a\u062d\" class=\"panel active entry-content\" role=\"tabpanel\" aria-labelledby=\"tab-\u062a\u0648\u0636\u064a\u062d\">\n<ul>\n<li style=\"text-align: left;\">\u0646\u0637\u0627\u0642 \u0648\u0627\u0633\u0639 \u0644\u0623\u0628\u0639\u0627\u062f \u0627\u0644\u0643\u0644\u064a\u0634\u064a\u0647 (\u0645\u0646 100<em>300 \u0645\u0645 \u0625\u0644\u0649 150<\/em>900 \u0645\u0645)<\/li>\n<li style=\"text-align: left;\">\u0646\u0637\u0627\u0642 \u0642\u0648\u0629 \u0627\u0644\u0637\u0628\u0627\u0639\u0629 \u0645\u0646 750 \u0646\u064a\u0648\u062a\u0646 \u0625\u0644\u0649 4710 \u0646\u064a\u0648\u062a\u0646<\/li>\n<li style=\"text-align: left;\">\u0646\u0638\u0627\u0645 \u0627\u0644\u0643\u0634\u0637 \u0630\u0648 \u0627\u0644\u062d\u0627\u0648\u064a\u0629 \u0627\u0644\u0645\u063a\u0644\u0642\u0629 \u0627\u0644\u0645\u0648\u0635\u0649 \u0628\u0647 \u062e\u0635\u064a\u0635\u064b\u0627 \u0644\u0644\u0628\u064a\u0626\u0627\u062a \u0627\u0644\u0645\u063a\u0628\u0631\u0629<\/li>\n<li style=\"text-align: left;\">\u0646\u0638\u0627\u0645 \u062a\u062d\u0643\u0645 PLC \u0628\u0628\u0631\u0645\u062c\u064a\u0627\u062a \u062e\u0627\u0635\u0629 \u0648\u0642\u0627\u0628\u0644 \u0644\u0644\u062a\u0648\u0633\u064a\u0639<\/li>\n<li style=\"text-align: left;\">\u0646\u0638\u0627\u0645 \u0643\u0634\u0637 \u062e\u0627\u0635 \u0645\u0639 \u0623\u0633\u0637\u0648\u0627\u0646\u0629 \u0628\u062f\u0648\u0646 \u0642\u0636\u064a\u0628 \u0644\u0644\u0637\u0628\u0627\u0639\u0629 \u0639\u0644\u0649 \u0627\u0644\u0645\u0633\u0627\u062d\u0627\u062a \u0627\u0644\u0648\u0627\u0633\u0639\u0629<\/li>\n<li style=\"text-align: left;\">\u0646\u0638\u0627\u0645 \u062f\u0641\u0639 \u0623\u0648\u062a\u0648\u0645\u0627\u062a\u064a\u0643\u064a \u0645\u0648\u062b\u0648\u0642 \u0648\u0645\u0633\u062a\u0642\u0631<\/li>\n<li style=\"text-align: left;\">\u0625\u0636\u0627\u0621\u0629 \u0625\u0644\u0643\u062a\u0631\u0648\u0646\u064a\u0629 \u062a\u0648\u0641\u0631 \u0631\u0624\u064a\u0629 \u0623\u0641\u0636\u0644 \u0648\u0623\u0643\u062b\u0631 \u0631\u0627\u062d\u0629<\/li>\n<li style=\"text-align: left;\">\u0625\u0645\u0643\u0627\u0646\u064a\u0629 \u0627\u0644\u0637\u0628\u0627\u0639\u0629 \u0639\u0644\u0649 \u0642\u0637\u0639 \u0623\u0643\u0628\u0631 \u0628\u0627\u0633\u062a\u062e\u062f\u0627\u0645 \u0642\u0627\u0639\u062f\u0629 \u0645\u0627\u0643\u064a\u0646\u0629 \u0627\u062e\u062a\u064a\u0627\u0631\u064a\u0629 \u0648\u062d\u0627\u0645\u0644 \u0643\u0628\u064a\u0631<\/li>\n<\/ul>\n<\/div>\n<div id=\"tab_\u0627\u0644\u0645\u064a\u0632\u0627\u062a\" class=\"panel entry-content\" role=\"tabpanel\" aria-labelledby=\"tab-\u0627\u0644\u0645\u064a\u0632\u0627\u062a\">\n<div class=\"row\"  id=\"row-1635941624\">\n\n\t<div id=\"col-955098876\" class=\"col small-12 large-12\"  >\n\t\t\t\t<div class=\"col-inner\"  >\n\t\t\t\n\t\t\t\n<table style=\"height: 357px; width: 177.391%;\" width=\"906\">\n<tbody>\n<tr style=\"height: 21px;\">\n<td style=\"background-color: #fe130d; height: 21px; width: 323.016px;\">\u0627\u0644\u0645\u0648\u0627\u0635\u0641\u0627\u062a \u0627\u0644\u0641\u0646\u064a\u0629 \u0644\u0640 TCCS 101<\/td>\n<td style=\"background-color: #fe130d; height: 21px; width: 566.984px;\"><span style=\"color: #ffffff;\">TCC 101<\/span><\/td>\n<\/tr>\n<tr style=\"height: 21px;\">\n<td style=\"background-color: #dbddd3; height: 126px; width: 323.016px;\" rowspan=\"6\">\u0623\u0628\u0639\u0627\u062f \u0627\u0644\u0643\u0644\u064a\u0634\u064a\u0647<\/td>\n<td style=\"height: 21px; width: 566.984px;\">100 mm x 300 mm<\/td>\n<\/tr>\n<tr style=\"height: 21px;\">\n<td style=\"width: 566.984px; height: 21px;\">100 mm x 400 mm<\/td>\n<\/tr>\n<tr style=\"height: 21px;\">\n<td style=\"width: 566.984px; height: 21px;\">100 mm x 700 mm<\/td>\n<\/tr>\n<tr style=\"height: 21px;\">\n<td style=\"width: 566.984px; height: 21px;\">100 mm x 900 mm<\/td>\n<\/tr>\n<tr style=\"height: 21px;\">\n<td style=\"height: 21px; width: 566.984px;\">150 mm x 550 mm<\/td>\n<\/tr>\n<tr style=\"height: 21px;\">\n<td style=\"height: 21px; width: 566.984px;\">150 mm x 700 mm<\/td>\n<\/tr>\n<tr style=\"height: 21px;\">\n<td style=\"background-color: #dbddd3; height: 21px; width: 323.016px;\">\u0627\u0644\u0634\u0648\u0637<\/td>\n<td style=\"height: 21px; width: 566.984px;\">80-150 mm<\/td>\n<\/tr>\n<tr style=\"height: 21px;\">\n<td style=\"background-color: #dbddd3; height: 21px; width: 323.016px;\">\u0642\u0648\u0629 \u0627\u0644\u0637\u0628\u0627\u0639\u0629<\/td>\n<td style=\"height: 21px; width: 566.984px;\">750-4710 N<\/td>\n<\/tr>\n<tr style=\"height: 21px;\">\n<td style=\"background-color: #dbddd3; height: 21px; width: 323.016px;\">\u0627\u0644\u062a\u062d\u0643\u0645<\/td>\n<td style=\"height: 21px; width: 566.984px;\">Pn\u00f6matik PLC<\/td>\n<\/tr>\n<tr style=\"height: 21px;\">\n<td style=\"background-color: #dbddd3; height: 21px; width: 323.016px;\">\u0627\u0644\u0641\u0648\u0644\u062a\u064a\u0629<\/td>\n<td style=\"height: 21px; width: 566.984px;\">220 V, 50 Hz<\/td>\n<\/tr>\n<tr style=\"height: 21px;\">\n<td style=\"background-color: #dbddd3; height: 21px; width: 323.016px;\">\u062c\u0647\u062f \u0627\u0644\u062a\u062d\u0643\u0645<\/td>\n<td style=\"height: 21px; width: 566.984px;\">24 VDC<\/td>\n<\/tr>\n<tr style=\"height: 21px;\">\n<td style=\"background-color: #dbddd3; height: 21px; width: 323.016px;\">\u0627\u0644\u0637\u0627\u0642\u0629<\/td>\n<td style=\"height: 21px; width: 566.984px;\">100 W<\/td>\n<\/tr>\n<tr style=\"height: 21px;\">\n<td style=\"background-color: #dbddd3; height: 21px; width: 323.016px;\">\u0627\u0644\u0636\u063a\u0637<\/td>\n<td style=\"height: 21px; width: 566.984px;\">6 Bar<\/td>\n<\/tr>\n<tr style=\"height: 21px;\">\n<td style=\"background-color: #dbddd3; height: 21px; width: 323.016px;\">\u0627\u0633\u062a\u0647\u0644\u0627\u0643 \u0627\u0644\u0647\u0648\u0627\u0621<\/td>\n<td style=\"height: 21px; width: 566.984px;\">80 lt\/min<\/td>\n<\/tr>\n<tr style=\"height: 21px;\">\n<td style=\"background-color: #dbddd3; height: 21px; width: 323.016px;\">\u0627\u0644\u0623\u0628\u0639\u0627\u062f (\u0627\u0644\u0639\u0631\u0636 \u00d7 \u0627\u0644\u0627\u0631\u062a\u0641\u0627\u0639 \u00d7 \u0627\u0644\u0639\u0645\u0642)<\/td>\n<td style=\"height: 21px; width: 566.984px;\">900 mm x 850 mm x 750 mm<\/td>\n<\/tr>\n<tr style=\"height: 21px;\">\n<td style=\"background-color: #dbddd3; height: 21px; width: 323.016px;\">\u0627\u0644\u0648\u0632\u0646<\/td>\n<td style=\"height: 21px; width: 566.984px;\">130 kg<\/td>\n<\/tr>\n<\/tbody>\n<\/table>\n\t\t<\/div>\n\t\t\t\t\n<style>\n#col-955098876 > .col-inner {\n  padding: 0px 0px 0px 0px;\n}\n<\/style>\n\t<\/div>\n\n\t\n<\/div>\n<\/div>\n<div id=\"tab_\u0627\u0644\u0643\u062a\u064a\u0628\" class=\"panel entry-content\" role=\"tabpanel\" aria-labelledby=\"tab-\u0627\u0644\u0643\u062a\u064a\u0628\">\n\t<div class=\"img has-hover x md-x lg-x y md-y lg-y\" id=\"image_2127922464\">\n\t\t<a class=\"\" href=\"https:\/\/www.bilgimakina.net\/wp-content\/uploads\/2022\/06\/tccs.pdf\" target=\"_blank\" rel=\"noopener\" >\t\t\t\t\t\t<div class=\"img-inner dark\" >\n\t\t\t<img loading=\"lazy\" decoding=\"async\" width=\"595\" height=\"842\" src=\"https:\/\/www.bilgimakina.net\/ar\/wp-content\/uploads\/2022\/06\/tccs.jpg\" class=\"attachment-original size-original\" alt=\"\" srcset=\"https:\/\/www.bilgimakina.net\/ar\/wp-content\/uploads\/2022\/06\/tccs.jpg 595w, https:\/\/www.bilgimakina.net\/ar\/wp-content\/uploads\/2022\/06\/tccs-212x300.jpg 212w, https:\/\/www.bilgimakina.net\/ar\/wp-content\/uploads\/2022\/06\/tccs-510x722.jpg 510w\" sizes=\"(max-width: 595px) 100vw, 595px\" \/>\t\t\t\t\t\t\n\t\t\t\t\t<\/div>\n\t\t\t\t\t\t<\/a>\t\t\n<style>\n#image_2127922464 {\n  width: 60%;\n}\n<\/style>\n\t<\/div>\n\t\n<\/div>\n<div id=\"tab_\u0641\u064a\u062f\u064a\u0648\" class=\"panel entry-content\" role=\"tabpanel\" aria-labelledby=\"tab-\u0641\u064a\u062f\u064a\u0648\">\n<div class=\"video video-fit mb\" style=\"padding-top:56.25%;\"><p><iframe loading=\"lazy\" title=\"Yuvarlak Y\u00fczeyler \u0130\u00e7in D\u00f6ner Bask\u0131 \u00d6zelli\u011fi - Bilgi Makina\" width=\"1020\" height=\"574\" src=\"https:\/\/www.youtube.com\/embed\/ynKk1KR1oFw?list=PLGoqRI_QmOExwE5NOuwRIBl1hue58-Een\" frameborder=\"0\" allow=\"accelerometer; autoplay; clipboard-write; encrypted-media; gyroscope; picture-in-picture\" allowfullscreen><\/iframe><\/p>\n<\/div>\n<\/div><\/div><\/div>\n\t\t<\/div>\n\t\t\t\t\t<\/div>\n\n\t\n<\/div>\n","protected":false},"excerpt":{"rendered":"","protected":false},"author":1,"featured_media":0,"parent":0,"menu_order":0,"comment_status":"closed","ping_status":"closed","template":"","meta":{"footnotes":""},"class_list":["post-204","page","type-page","status-publish","hentry"],"aioseo_notices":[],"_links":{"self":[{"href":"https:\/\/www.bilgimakina.net\/ar\/wp-json\/wp\/v2\/pages\/204"}],"collection":[{"href":"https:\/\/www.bilgimakina.net\/ar\/wp-json\/wp\/v2\/pages"}],"about":[{"href":"https:\/\/www.bilgimakina.net\/ar\/wp-json\/wp\/v2\/types\/page"}],"author":[{"embeddable":true,"href":"https:\/\/www.bilgimakina.net\/ar\/wp-json\/wp\/v2\/users\/1"}],"replies":[{"embeddable":true,"href":"https:\/\/www.bilgimakina.net\/ar\/wp-json\/wp\/v2\/comments?post=204"}],"version-history":[{"count":23,"href":"https:\/\/www.bilgimakina.net\/ar\/wp-json\/wp\/v2\/pages\/204\/revisions"}],"predecessor-version":[{"id":19918,"href":"https:\/\/www.bilgimakina.net\/ar\/wp-json\/wp\/v2\/pages\/204\/revisions\/19918"}],"wp:attachment":[{"href":"https:\/\/www.bilgimakina.net\/ar\/wp-json\/wp\/v2\/media?parent=204"}],"curies":[{"name":"wp","href":"https:\/\/api.w.org\/{rel}","templated":true}]}}