{"id":137,"date":"2018-03-31T21:53:49","date_gmt":"2018-03-31T21:53:49","guid":{"rendered":"http:\/\/www.bilgimakina.net\/?page_id=137"},"modified":"2025-03-03T12:50:29","modified_gmt":"2025-03-03T12:50:29","slug":"%d9%85%d8%a7%d9%83%d9%8a%d9%86%d8%a9-%d8%a7%d9%84%d8%b7%d8%a8%d8%a7%d8%b9%d8%a9-%d8%a8%d8%a7%d9%84%d8%aa%d9%85%d8%a8%d9%88%d9%86-%d8%a3%d8%ad%d8%a7%d8%af%d9%8a%d8%a9-%d8%a7%d9%84%d9%84%d9%88%d9%86-tcs","status":"publish","type":"page","link":"https:\/\/www.bilgimakina.net\/ar\/%d9%85%d8%a7%d9%83%d9%8a%d9%86%d8%a9-%d8%a7%d9%84%d8%b7%d8%a8%d8%a7%d8%b9%d8%a9-%d8%a8%d8%a7%d9%84%d8%aa%d9%85%d8%a8%d9%88%d9%86-%d8%a3%d8%ad%d8%a7%d8%af%d9%8a%d8%a9-%d8%a7%d9%84%d9%84%d9%88%d9%86-tcs\/","title":{"rendered":"\u0645\u0627\u0643\u064a\u0646\u0629 \u0627\u0644\u0637\u0628\u0627\u0639\u0629 \u0628\u0627\u0644\u062a\u0645\u0628\u0648\u0646 \u0623\u062d\u0627\u062f\u064a\u0629 \u0627\u0644\u0644\u0648\u0646 TCS 101"},"content":{"rendered":"<div class=\"row align-center\"  id=\"row-1136934176\">\n\n\t<div id=\"col-1679057417\" class=\"col medium-7 small-12 large-7\"  >\n\t\t\t\t<div class=\"col-inner text-center\"  >\n\t\t\t\n\t\t\t\n<h3 style=\"text-align: center;\">\u0645\u0627\u0643\u064a\u0646\u0629 \u0627\u0644\u0637\u0628\u0627\u0639\u0629 \u0628\u0627\u0644\u062a\u0645\u0628\u0648\u0646 \u0623\u062d\u0627\u062f\u064a\u0629 \u0627\u0644\u0644\u0648\u0646 TCS 101<\/h3>\n<div class=\"slider-wrapper relative\" id=\"slider-1130293593\" >\n    <div class=\"slider slider-nav-dots-dashes slider-nav-simple slider-nav-large slider-nav-dark slider-style-normal slider-show-nav\"\n        data-flickity-options='{\n            \"cellAlign\": \"center\",\n            \"imagesLoaded\": true,\n            \"lazyLoad\": 1,\n            \"freeScroll\": false,\n            \"wrapAround\": true,\n            \"autoPlay\": 6000,\n            \"pauseAutoPlayOnHover\" : true,\n            \"prevNextButtons\": true,\n            \"contain\" : true,\n            \"adaptiveHeight\" : true,\n            \"dragThreshold\" : 10,\n            \"percentPosition\": true,\n            \"pageDots\": true,\n            \"rightToLeft\": false,\n            \"draggable\": true,\n            \"selectedAttraction\": 0.1,\n            \"parallax\" : 0,\n            \"friction\": 0.6        }'\n        >\n        \n\t<div class=\"img has-hover x md-x lg-x y md-y lg-y\" id=\"image_851425980\">\n\t\t\t\t\t\t\t\t<div class=\"img-inner image-cover dark\" style=\"padding-top:450px;\">\n\t\t\t<img loading=\"lazy\" decoding=\"async\" width=\"1536\" height=\"1024\" src=\"https:\/\/www.bilgimakina.net\/ar\/wp-content\/uploads\/2022\/06\/tcs-101-1-1.jpeg\" class=\"attachment-original size-original\" alt=\"\" srcset=\"https:\/\/www.bilgimakina.net\/ar\/wp-content\/uploads\/2022\/06\/tcs-101-1-1.jpeg 1536w, https:\/\/www.bilgimakina.net\/ar\/wp-content\/uploads\/2022\/06\/tcs-101-1-1-300x200.jpeg 300w, https:\/\/www.bilgimakina.net\/ar\/wp-content\/uploads\/2022\/06\/tcs-101-1-1-1024x683.jpeg 1024w, https:\/\/www.bilgimakina.net\/ar\/wp-content\/uploads\/2022\/06\/tcs-101-1-1-768x512.jpeg 768w, https:\/\/www.bilgimakina.net\/ar\/wp-content\/uploads\/2022\/06\/tcs-101-1-1-510x340.jpeg 510w\" sizes=\"(max-width: 1536px) 100vw, 1536px\" \/>\t\t\t\t\t\t\n\t\t\t\t\t<\/div>\n\t\t\t\t\t\t\t\t\n<style>\n#image_851425980 {\n  width: 50%;\n}\n<\/style>\n\t<\/div>\n\t\n\t<div class=\"img has-hover x md-x lg-x y md-y lg-y\" id=\"image_917362\">\n\t\t\t\t\t\t\t\t<div class=\"img-inner image-cover dark\" style=\"padding-top:450px;\">\n\t\t\t<img loading=\"lazy\" decoding=\"async\" width=\"1536\" height=\"1024\" src=\"https:\/\/www.bilgimakina.net\/ar\/wp-content\/uploads\/2022\/06\/tcs-101-2-1.jpeg\" class=\"attachment-original size-original\" alt=\"\" srcset=\"https:\/\/www.bilgimakina.net\/ar\/wp-content\/uploads\/2022\/06\/tcs-101-2-1.jpeg 1536w, https:\/\/www.bilgimakina.net\/ar\/wp-content\/uploads\/2022\/06\/tcs-101-2-1-300x200.jpeg 300w, https:\/\/www.bilgimakina.net\/ar\/wp-content\/uploads\/2022\/06\/tcs-101-2-1-1024x683.jpeg 1024w, https:\/\/www.bilgimakina.net\/ar\/wp-content\/uploads\/2022\/06\/tcs-101-2-1-768x512.jpeg 768w, https:\/\/www.bilgimakina.net\/ar\/wp-content\/uploads\/2022\/06\/tcs-101-2-1-510x340.jpeg 510w\" sizes=\"(max-width: 1536px) 100vw, 1536px\" \/>\t\t\t\t\t\t\n\t\t\t\t\t<\/div>\n\t\t\t\t\t\t\t\t\n<style>\n#image_917362 {\n  width: 50%;\n}\n<\/style>\n\t<\/div>\n\t\n     <\/div>\n\n     <div class=\"loading-spin dark large centered\"><\/div>\n\n\t<\/div>\n\n\n\t<div id=\"gap-482473904\" class=\"gap-element clearfix\" style=\"display:block; height:auto;\">\n\t\t\n<style>\n#gap-482473904 {\n  padding-top: 30px;\n}\n<\/style>\n\t<\/div>\n\t\n\n\t\t<div class=\"tabbed-content\">\n\t\t\t\n\t\t\t<ul class=\"nav nav-tabs nav-uppercase nav-size-normal nav-left\" role=\"tablist\"><li id=\"tab-\u062a\u0648\u0636\u064a\u062d\" class=\"tab active has-icon\" role=\"presentation\"><a href=\"#tab_\u062a\u0648\u0636\u064a\u062d\" role=\"tab\" aria-selected=\"true\" aria-controls=\"tab_\u062a\u0648\u0636\u064a\u062d\"><span>\u062a\u0648\u0636\u064a\u062d<\/span><\/a><\/li>\n<li id=\"tab-\u0627\u0644\u0645\u064a\u0632\u0627\u062a\" class=\"tab has-icon\" role=\"presentation\"><a href=\"#tab_\u0627\u0644\u0645\u064a\u0632\u0627\u062a\" tabindex=\"-1\" role=\"tab\" aria-selected=\"false\" aria-controls=\"tab_\u0627\u0644\u0645\u064a\u0632\u0627\u062a\"><span>\u0627\u0644\u0645\u064a\u0632\u0627\u062a<\/span><\/a><\/li>\n<li id=\"tab-\u0627\u0644\u0643\u062a\u064a\u0628\" class=\"tab has-icon\" role=\"presentation\"><a href=\"#tab_\u0627\u0644\u0643\u062a\u064a\u0628\" tabindex=\"-1\" role=\"tab\" aria-selected=\"false\" aria-controls=\"tab_\u0627\u0644\u0643\u062a\u064a\u0628\"><span>\u0627\u0644\u0643\u062a\u064a\u0628<\/span><\/a><\/li>\n<li id=\"tab-\u0641\u064a\u062f\u064a\u0648\" class=\"tab has-icon\" role=\"presentation\"><a href=\"#tab_\u0641\u064a\u062f\u064a\u0648\" tabindex=\"-1\" role=\"tab\" aria-selected=\"false\" aria-controls=\"tab_\u0641\u064a\u062f\u064a\u0648\"><span>\u0641\u064a\u062f\u064a\u0648<\/span><\/a><\/li><\/ul><div class=\"tab-panels\"><div id=\"tab_\u062a\u0648\u0636\u064a\u062d\" class=\"panel active entry-content\" role=\"tabpanel\" aria-labelledby=\"tab-\u062a\u0648\u0636\u064a\u062d\">\n<ul>\n<li style=\"text-align: left;\">\u0646\u0637\u0627\u0642 \u0648\u0627\u0633\u0639 \u0644\u0623\u0628\u0639\u0627\u062f \u0627\u0644\u0643\u0644\u064a\u0634\u064a\u0647 (\u064a\u0628\u062f\u0623 \u0645\u0646 100*100 \u0645\u0645)<\/li>\n<li style=\"text-align: left;\">\u0646\u0637\u0627\u0642 \u0642\u0648\u0629 \u0627\u0644\u0637\u0628\u0627\u0639\u0629 \u0645\u0646 750 \u0646\u064a\u0648\u062a\u0646 \u0625\u0644\u0649 4710 \u0646\u064a\u0648\u062a\u0646<\/li>\n<li style=\"text-align: left;\">\u0646\u0638\u0627\u0645 \u062a\u062d\u0643\u0645 \u0643\u0627\u0645\u0644 PLC<\/li>\n<li style=\"text-align: left;\">\u0646\u0638\u0627\u0645 \u062f\u0641\u0639 \u0623\u0648\u062a\u0648\u0645\u0627\u062a\u064a\u0643\u064a \u0645\u0648\u062b\u0648\u0642 \u0648\u0645\u0633\u062a\u0642\u0631<\/li>\n<li style=\"text-align: left;\">\u0625\u0636\u0627\u0621\u0629 \u0625\u0644\u0643\u062a\u0631\u0648\u0646\u064a\u0629 \u062a\u0648\u0641\u0631 \u0631\u0624\u064a\u0629 \u0623\u0641\u0636\u0644 \u0648\u0623\u0643\u062b\u0631 \u0631\u0627\u062d\u0629<\/li>\n<li style=\"text-align: left;\">\u0625\u0645\u0643\u0627\u0646\u064a\u0629 \u0627\u0644\u0637\u0628\u0627\u0639\u0629 \u0639\u0644\u0649 \u0642\u0637\u0639 \u0623\u0643\u0628\u0631 \u0628\u0627\u0633\u062a\u062e\u062f\u0627\u0645 \u0642\u0627\u0639\u062f\u0629 \u0645\u0627\u0643\u064a\u0646\u0629 \u0627\u062e\u062a\u064a\u0627\u0631\u064a\u0629 \u0648\u062d\u0627\u0645\u0644 \u0643\u0628\u064a\u0631<\/li>\n<\/ul>\n<\/div>\n<div id=\"tab_\u0627\u0644\u0645\u064a\u0632\u0627\u062a\" class=\"panel entry-content\" role=\"tabpanel\" aria-labelledby=\"tab-\u0627\u0644\u0645\u064a\u0632\u0627\u062a\">\n<div class=\"row\"  id=\"row-1329439426\">\n\n\t<div id=\"col-757888663\" class=\"col small-12 large-12\"  >\n\t\t\t\t<div class=\"col-inner\"  >\n\t\t\t\n\t\t\t\n<table style=\"height: 336px;\" width=\"906\">\n<tbody>\n<tr style=\"height: 21px;\">\n<td style=\"background-color: #fe130d; height: 21px; width: 323.016px;\">\u0627\u0644\u0645\u0648\u0627\u0635\u0641\u0627\u062a \u0627\u0644\u0641\u0646\u064a\u0629 \u0644\u0640 TCC101<\/td>\n<td style=\"background-color: #fe130d; height: 21px; width: 566.984px;\"><span style=\"color: #ffffff;\">TCC101<\/span><\/td>\n<\/tr>\n<tr style=\"height: 21px;\">\n<td style=\"background-color: #dbddd3; height: 63px; width: 323.016px;\" rowspan=\"6\">\u0623\u0628\u0639\u0627\u062f \u0627\u0644\u0643\u0644\u064a\u0634\u064a\u0647<\/td>\n<td style=\"height: 21px; width: 566.984px;\">100 mm x 100 mm<\/td>\n<\/tr>\n<tr style=\"height: 21px;\">\n<td style=\"height: 21px; width: 566.984px;\">100 mm x 150 mm<\/td>\n<\/tr>\n<tr>\n<td style=\"width: 566.984px;\">100 mm x 200 mm<\/td>\n<\/tr>\n<tr>\n<td style=\"width: 566.984px;\">100 mm x 400 mm<\/td>\n<\/tr>\n<tr>\n<td style=\"width: 566.984px;\">120 mm x 150 mm<\/td>\n<\/tr>\n<tr style=\"height: 21px;\">\n<td style=\"height: 21px; width: 566.984px;\">130 mm x 200 mm<\/td>\n<\/tr>\n<tr style=\"height: 21px;\">\n<td style=\"background-color: #dbddd3; height: 21px; width: 323.016px;\">\u0627\u0644\u0634\u0648\u0637<\/td>\n<td style=\"height: 21px; width: 566.984px;\">60-150 mm<\/td>\n<\/tr>\n<tr style=\"height: 21px;\">\n<td style=\"background-color: #dbddd3; height: 21px; width: 323.016px;\">\u0642\u0648\u0629 \u0627\u0644\u0637\u0628\u0627\u0639\u0629<\/td>\n<td style=\"height: 21px; width: 566.984px;\">750-4710 N<\/td>\n<\/tr>\n<tr style=\"height: 21px;\">\n<td style=\"background-color: #dbddd3; height: 21px; width: 323.016px;\">\u0627\u0644\u062a\u062d\u0643\u0645<\/td>\n<td style=\"height: 21px; width: 566.984px;\">Pn\u00f6matik PLC<\/td>\n<\/tr>\n<tr style=\"height: 21px;\">\n<td style=\"background-color: #dbddd3; height: 21px; width: 323.016px;\">\u0627\u0644\u0641\u0648\u0644\u062a\u064a\u0629<\/td>\n<td style=\"height: 21px; width: 566.984px;\">220 V, 50 Hz<\/td>\n<\/tr>\n<tr style=\"height: 21px;\">\n<td style=\"background-color: #dbddd3; height: 21px; width: 323.016px;\">\u062c\u0647\u062f \u0627\u0644\u062a\u062d\u0643\u0645<\/td>\n<td style=\"height: 21px; width: 566.984px;\">24 VDC<\/td>\n<\/tr>\n<tr style=\"height: 21px;\">\n<td style=\"background-color: #dbddd3; height: 21px; width: 323.016px;\">\u0627\u0644\u0637\u0627\u0642\u0629<\/td>\n<td style=\"height: 21px; width: 566.984px;\">60 W<\/td>\n<\/tr>\n<tr style=\"height: 21px;\">\n<td style=\"background-color: #dbddd3; height: 21px; width: 323.016px;\">\u0627\u0644\u0636\u063a\u0637<\/td>\n<td style=\"height: 21px; width: 566.984px;\">6 Bar<\/td>\n<\/tr>\n<tr style=\"height: 21px;\">\n<td style=\"background-color: #dbddd3; height: 21px; width: 323.016px;\">\u0627\u0633\u062a\u0647\u0644\u0627\u0643 \u0627\u0644\u0647\u0648\u0627\u0621<\/td>\n<td style=\"height: 21px; width: 566.984px;\">60 lt\/min<\/td>\n<\/tr>\n<tr style=\"height: 21px;\">\n<td style=\"background-color: #dbddd3; height: 21px; width: 323.016px;\">\u0627\u0644\u0623\u0628\u0639\u0627\u062f (\u0627\u0644\u0639\u0631\u0636 \u00d7 \u0627\u0644\u0627\u0631\u062a\u0641\u0627\u0639 \u00d7 \u0627\u0644\u0639\u0645\u0642)<\/td>\n<td style=\"height: 21px; width: 566.984px;\">350 mm x 850 mm x 750 mm<\/td>\n<\/tr>\n<tr style=\"height: 21px;\">\n<td style=\"background-color: #dbddd3; height: 21px; width: 323.016px;\">\u0627\u0644\u0648\u0632\u0646<\/td>\n<td style=\"height: 21px; width: 566.984px;\">95 kg<\/td>\n<\/tr>\n<\/tbody>\n<\/table>\n\t\t<\/div>\n\t\t\t\t\n<style>\n#col-757888663 > .col-inner {\n  padding: 0px 0px 0px 0px;\n}\n<\/style>\n\t<\/div>\n\n\t\n<\/div>\n<\/div>\n<div id=\"tab_\u0627\u0644\u0643\u062a\u064a\u0628\" class=\"panel entry-content\" role=\"tabpanel\" aria-labelledby=\"tab-\u0627\u0644\u0643\u062a\u064a\u0628\">\n\t<div class=\"img has-hover x md-x lg-x y md-y lg-y\" id=\"image_243452694\">\n\t\t<a class=\"\" href=\"https:\/\/www.bilgimakina.net\/wp-content\/uploads\/2022\/04\/katalog.pdf\" target=\"_blank\" rel=\"noopener\" >\t\t\t\t\t\t<div class=\"img-inner dark\" >\n\t\t\t<img loading=\"lazy\" decoding=\"async\" width=\"1984\" height=\"2805\" src=\"https:\/\/www.bilgimakina.net\/ar\/wp-content\/uploads\/2022\/04\/katalog.png\" class=\"attachment-original size-original\" alt=\"\" srcset=\"https:\/\/www.bilgimakina.net\/ar\/wp-content\/uploads\/2022\/04\/katalog.png 1984w, https:\/\/www.bilgimakina.net\/ar\/wp-content\/uploads\/2022\/04\/katalog-212x300.png 212w, https:\/\/www.bilgimakina.net\/ar\/wp-content\/uploads\/2022\/04\/katalog-724x1024.png 724w, https:\/\/www.bilgimakina.net\/ar\/wp-content\/uploads\/2022\/04\/katalog-768x1086.png 768w, https:\/\/www.bilgimakina.net\/ar\/wp-content\/uploads\/2022\/04\/katalog-1086x1536.png 1086w, https:\/\/www.bilgimakina.net\/ar\/wp-content\/uploads\/2022\/04\/katalog-1449x2048.png 1449w, https:\/\/www.bilgimakina.net\/ar\/wp-content\/uploads\/2022\/04\/katalog-510x721.png 510w\" sizes=\"(max-width: 1984px) 100vw, 1984px\" \/>\t\t\t\t\t\t\n\t\t\t\t\t<\/div>\n\t\t\t\t\t\t<\/a>\t\t\n<style>\n#image_243452694 {\n  width: 60%;\n}\n<\/style>\n\t<\/div>\n\t\n<\/div>\n<div id=\"tab_\u0641\u064a\u062f\u064a\u0648\" class=\"panel entry-content\" role=\"tabpanel\" aria-labelledby=\"tab-\u0641\u064a\u062f\u064a\u0648\">\n<div class=\"video video-fit mb\" style=\"padding-top:56.25%;\"><p><iframe loading=\"lazy\" title=\"A\u00e7\u0131k Hazne Tek Renk TCS Serisi Tampon Bask\u0131 Makinesi\" width=\"1020\" height=\"574\" src=\"https:\/\/www.youtube.com\/embed\/RPALhwRWzCc?feature=oembed\" frameborder=\"0\" allow=\"accelerometer; autoplay; clipboard-write; encrypted-media; gyroscope; picture-in-picture\" allowfullscreen><\/iframe><\/p>\n<\/div>\n<\/div><\/div><\/div>\n\t\t<\/div>\n\t\t\t\t\t<\/div>\n\n\t\n<\/div>\n","protected":false},"excerpt":{"rendered":"","protected":false},"author":1,"featured_media":0,"parent":0,"menu_order":0,"comment_status":"closed","ping_status":"closed","template":"","meta":{"footnotes":""},"class_list":["post-137","page","type-page","status-publish","hentry"],"aioseo_notices":[],"_links":{"self":[{"href":"https:\/\/www.bilgimakina.net\/ar\/wp-json\/wp\/v2\/pages\/137"}],"collection":[{"href":"https:\/\/www.bilgimakina.net\/ar\/wp-json\/wp\/v2\/pages"}],"about":[{"href":"https:\/\/www.bilgimakina.net\/ar\/wp-json\/wp\/v2\/types\/page"}],"author":[{"embeddable":true,"href":"https:\/\/www.bilgimakina.net\/ar\/wp-json\/wp\/v2\/users\/1"}],"replies":[{"embeddable":true,"href":"https:\/\/www.bilgimakina.net\/ar\/wp-json\/wp\/v2\/comments?post=137"}],"version-history":[{"count":36,"href":"https:\/\/www.bilgimakina.net\/ar\/wp-json\/wp\/v2\/pages\/137\/revisions"}],"predecessor-version":[{"id":19913,"href":"https:\/\/www.bilgimakina.net\/ar\/wp-json\/wp\/v2\/pages\/137\/revisions\/19913"}],"wp:attachment":[{"href":"https:\/\/www.bilgimakina.net\/ar\/wp-json\/wp\/v2\/media?parent=137"}],"curies":[{"name":"wp","href":"https:\/\/api.w.org\/{rel}","templated":true}]}}