{"id":121,"date":"2018-03-31T06:30:25","date_gmt":"2018-03-31T06:30:25","guid":{"rendered":"http:\/\/www.bilgimakina.net\/?page_id=121"},"modified":"2024-11-25T12:21:57","modified_gmt":"2024-11-25T12:21:57","slug":"%d9%85%d8%a4%d8%b3%d8%b3%d9%8a","status":"publish","type":"page","link":"https:\/\/www.bilgimakina.net\/ar\/%d9%85%d8%a4%d8%b3%d8%b3%d9%8a\/","title":{"rendered":"\u0645\u0624\u0633\u0633\u064a"},"content":{"rendered":"<div class=\"row\"  id=\"row-1372827470\">\n\n\n\t<div id=\"col-705538915\" class=\"col small-12 large-12\"  >\n\t\t\t\t<div class=\"col-inner\"  >\n\t\t\t\n\t\t\t\n<div><\/div>\n<div><strong><span style=\"color: #ff0000; font-family: arial, helvetica, sans-serif;\">B\u0130LG\u0130 MAK\u0130NA &amp; ELEKTR\u0130K<\/span><\/strong><\/div>\n<p><img loading=\"lazy\" decoding=\"async\" class=\"alignnone size-medium wp-image-13290\" src=\"https:\/\/www.bilgimakina.net\/ar\/wp-content\/uploads\/2024\/08\/logo-bilgi-makine-02.svg\" alt=\"\" width=\"1\" height=\"1\" \/><img loading=\"lazy\" decoding=\"async\" class=\"alignnone size-medium wp-image-13290\" src=\"https:\/\/www.bilgimakina.net\/ar\/wp-content\/uploads\/2024\/08\/logo-bilgi-makine-02.svg\" alt=\"\" width=\"1\" height=\"1\" \/><img loading=\"lazy\" decoding=\"async\" class=\"alignnone size-medium wp-image-13290\" src=\"https:\/\/www.bilgimakina.net\/ar\/wp-content\/uploads\/2024\/08\/logo-bilgi-makine-02.svg\" alt=\"\" width=\"1\" height=\"1\" \/><img loading=\"lazy\" decoding=\"async\" class=\"alignnone size-medium wp-image-13290\" src=\"https:\/\/www.bilgimakina.net\/ar\/wp-content\/uploads\/2024\/08\/logo-bilgi-makine-02.svg\" alt=\"\" width=\"1\" height=\"1\" \/><img loading=\"lazy\" decoding=\"async\" class=\"alignnone size-medium wp-image-13289\" src=\"https:\/\/www.bilgimakina.net\/ar\/wp-content\/uploads\/2024\/08\/logo-bilgi-makine-90x195-02.svg\" alt=\"\" width=\"1\" height=\"1\" \/><img loading=\"lazy\" decoding=\"async\" class=\"alignnone size-medium wp-image-13290\" src=\"https:\/\/www.bilgimakina.net\/ar\/wp-content\/uploads\/2024\/08\/logo-bilgi-makine-02.svg\" alt=\"\" width=\"1\" height=\"1\" \/><\/p>\n<p>\u062a\u0648\u0627\u0635\u0644 \u0634\u0631\u0643\u0629 <strong>Bilgi Makina Elektrik<\/strong> \u0623\u0646\u0634\u0637\u062a\u0647\u0627 \u0643\u0627\u0644\u0645\u064f\u0635\u0646\u0651\u0639 \u0627\u0644\u0648\u062d\u064a\u062f \u0644\u0645\u0627\u0643\u064a\u0646\u0627\u062a \u0627\u0644\u0637\u0628\u0627\u0639\u0629 \u0628\u0627\u0644\u062a\u0645\u0628\u0648\u0646 \u0641\u064a \u062a\u0631\u0643\u064a\u0627. \u0628\u0641\u0636\u0644 \u062a\u0635\u0646\u064a\u0639 \u0627\u0644\u0645\u0627\u0643\u064a\u0646\u0627\u062a \u0628\u0645\u0642\u0627\u0633\u0627\u062a \u062e\u0627\u0635\u0629 \u0648\u0641\u0642\u064b\u0627 \u0644\u0637\u0644\u0628\u0627\u062a \u0627\u0644\u0639\u0645\u0644\u0627\u0621\u060c \u062a\u0644\u0628\u064a \u0627\u062d\u062a\u064a\u0627\u062c\u0627\u062a \u062c\u0645\u064a\u0639 \u0627\u0644\u0642\u0637\u0627\u0639\u0627\u062a.<\/p>\n<p>\u0646\u0648\u0641\u0631 \u062c\u0645\u064a\u0639 \u0642\u0637\u0639 \u0627\u0644\u063a\u064a\u0627\u0631 \u0644\u0645\u0627\u0643\u064a\u0646\u0627\u062a \u0627\u0644\u0637\u0628\u0627\u0639\u0629 \u0628\u0627\u0644\u062a\u0645\u0628\u0648\u0646\u060c \u0628\u0645\u0627 \u0641\u064a \u0630\u0644\u0643 (\u062d\u0644\u0642\u0627\u062a \u0627\u0644\u0633\u064a\u0631\u0627\u0645\u064a\u0643\u060c \u0627\u0644\u0643\u0644\u064a\u0634\u064a\u0647\u0627\u062a\u060c \u0627\u0644\u0623\u062d\u0628\u0627\u0631\u060c \u0648\u0623\u062f\u0648\u0627\u062a \u0627\u0644\u062a\u0648\u0635\u064a\u0644).<\/p>\n<div><span style=\"color: #ed1c24;\">\u0646\u0642\u0648\u0645 \u0628\u0625\u062c\u0631\u0627\u0621 \u0645\u0627 \u0644\u0627 \u064a\u0642\u0644 \u0639\u0646 20,000 \u0639\u0645\u0644\u064a\u0629 \u0637\u0628\u0627\u0639\u0629 \u064a\u0648\u0645\u064a\u064b\u0627.<\/span><\/div>\n<h3>\u062e\u062f\u0645\u0629 \u0645\u0648\u062c\u0647\u0629 \u0646\u062d\u0648 \u0627\u0644\u0639\u0645\u064a\u0644<\/h3>\n<p>\u062a\u062a\u0628\u0646\u0649 <strong>Bilgi Makina Elektrik<\/strong> \u0646\u0647\u062c\u064b\u0627 &#8220;\u0645\u0648\u062c\u0647\u064b\u0627 \u0646\u062d\u0648 \u0627\u0644\u0639\u0645\u064a\u0644&#8221; \u0641\u064a \u062c\u0645\u064a\u0639 \u0627\u0644\u0639\u0645\u0644\u064a\u0627\u062a\u060c \u0644\u0627 \u0633\u064a\u0645\u0627 \u0641\u064a \u062e\u062f\u0645\u0627\u062a \u0645\u0627 \u0628\u0639\u062f \u0627\u0644\u0628\u064a\u0639. \u062a\u0642\u0648\u0645 \u0628\u062a\u0635\u0645\u064a\u0645 \u0622\u0644\u0627\u062a \u0645\u0628\u062a\u0643\u0631\u0629 \u0648\u0641\u0642\u064b\u0627 \u0644\u0645\u062a\u0637\u0644\u0628\u0627\u062a \u0648\u062a\u0648\u0642\u0639\u0627\u062a \u0627\u0644\u0639\u0645\u0644\u0627\u0621. \u0648\u062a\u0633\u0639\u0649 \u0644\u0627\u0633\u062a\u062e\u062f\u0627\u0645 \u0623\u062d\u062f\u062b \u0627\u0644\u062a\u0642\u0646\u064a\u0627\u062a \u0641\u064a \u0627\u0644\u0639\u0635\u0631 \u0641\u064a \u0627\u0644\u0622\u0644\u0627\u062a \u0627\u0644\u062a\u064a \u062a\u0642\u0648\u0645 \u0628\u0625\u0646\u062a\u0627\u062c\u0647\u0627.<\/p>\n<p>\u062a\u0639\u0645\u0644 \u0639\u0644\u0649 \u062a\u0642\u0644\u064a\u0644 \u0623\u064a \u0645\u0634\u0627\u0643\u0644 \u0642\u062f \u062a\u0648\u0627\u062c\u0647 \u0627\u0644\u0639\u0645\u0644\u0627\u0621 \u0628\u0639\u062f \u0627\u0644\u0628\u064a\u0639 \u0645\u0646 \u062e\u0644\u0627\u0644 \u062a\u0635\u0645\u064a\u0645 \u0627\u0644\u0622\u0644\u0627\u062a \u0627\u0644\u062a\u064a \u062a\u0628\u064a\u0639\u0647\u0627 \u0628\u0634\u0643\u0644 \u0645\u0646\u0627\u0633\u0628 \u0644\u0644\u0627\u0633\u062a\u062e\u062f\u0627\u0645 \u0627\u0644\u0633\u0644\u0633\u060c \u0645\u0639 \u0627\u0633\u062a\u062e\u062f\u0627\u0645 \u0645\u0648\u0627\u062f \u0639\u0627\u0644\u064a\u0629 \u0627\u0644\u062c\u0648\u062f\u0629.<\/p>\n<h3>\u0625\u0646\u062a\u0627\u062c \u0639\u0627\u0644\u064a \u0627\u0644\u062c\u0648\u062f\u0629<\/h3>\n<p>\u062a\u064f\u0635\u0646\u0639 \u0645\u0627\u0643\u064a\u0646\u0627\u062a\u0646\u0627 \u0628\u062c\u0648\u062f\u0629 \u0639\u0627\u0644\u064a\u0629 \u0648\u062a\u0635\u0627\u0645\u064a\u0645 \u0641\u0631\u064a\u062f\u0629 \u0648\u0641\u0642\u064b\u0627 \u0644\u0644\u0645\u0639\u0627\u064a\u064a\u0631 \u0627\u0644\u062f\u0648\u0644\u064a\u0629.<\/p>\n<p>\u062a\u0642\u0648\u0645 <strong>Bilgi Makina Elektrik<\/strong> \u0628\u0627\u0644\u062a\u0639\u0627\u0648\u0646 \u0645\u0639 \u0627\u0644\u0645\u0624\u0633\u0633\u0627\u062a \u0627\u0644\u0631\u0627\u0626\u062f\u0629 \u0648\u0627\u0644\u0645\u062b\u0628\u062a\u0629 \u062c\u0648\u062f\u062a\u0647\u0627 \u0641\u064a \u0627\u0644\u0642\u0637\u0627\u0639 \u0639\u0646\u062f \u0627\u0644\u062d\u0627\u062c\u0629 \u0641\u064a \u0645\u0634\u0627\u0631\u064a\u0639\u0647\u0627\u060c \u0628\u0647\u062f\u0641 \u062a\u0642\u062f\u064a\u0645 \u0645\u0646\u062a\u062c\u0627\u062a \u0648\u062e\u062f\u0645\u0627\u062a \u0639\u0627\u0644\u064a\u0629 \u0627\u0644\u062c\u0648\u062f\u0629 \u0644\u0639\u0645\u0644\u0627\u0626\u0647\u0627.<\/p>\n\t\t<\/div>\n\t\t\t\t\t<\/div>\n\n\t\n<\/div>\n","protected":false},"excerpt":{"rendered":"","protected":false},"author":1,"featured_media":0,"parent":0,"menu_order":0,"comment_status":"closed","ping_status":"closed","template":"","meta":{"footnotes":""},"class_list":["post-121","page","type-page","status-publish","hentry"],"aioseo_notices":[],"_links":{"self":[{"href":"https:\/\/www.bilgimakina.net\/ar\/wp-json\/wp\/v2\/pages\/121"}],"collection":[{"href":"https:\/\/www.bilgimakina.net\/ar\/wp-json\/wp\/v2\/pages"}],"about":[{"href":"https:\/\/www.bilgimakina.net\/ar\/wp-json\/wp\/v2\/types\/page"}],"author":[{"embeddable":true,"href":"https:\/\/www.bilgimakina.net\/ar\/wp-json\/wp\/v2\/users\/1"}],"replies":[{"embeddable":true,"href":"https:\/\/www.bilgimakina.net\/ar\/wp-json\/wp\/v2\/comments?post=121"}],"version-history":[{"count":29,"href":"https:\/\/www.bilgimakina.net\/ar\/wp-json\/wp\/v2\/pages\/121\/revisions"}],"predecessor-version":[{"id":20009,"href":"https:\/\/www.bilgimakina.net\/ar\/wp-json\/wp\/v2\/pages\/121\/revisions\/20009"}],"wp:attachment":[{"href":"https:\/\/www.bilgimakina.net\/ar\/wp-json\/wp\/v2\/media?parent=121"}],"curies":[{"name":"wp","href":"https:\/\/api.w.org\/{rel}","templated":true}]}}